{"id":394,"date":"2025-08-23T16:13:38","date_gmt":"2025-08-23T14:13:38","guid":{"rendered":"https:\/\/associations-montseret.fr\/?page_id=394"},"modified":"2025-08-23T16:13:39","modified_gmt":"2025-08-23T14:13:39","slug":"danses-orientales","status":"publish","type":"page","link":"https:\/\/associations-montseret.fr\/?page_id=394","title":{"rendered":"Danses orientales"},"content":{"rendered":"\n<p>Danses orientales est une section de l&rsquo;association les Monts\u00e9r\u00e9tois, elle organise des ateliers ponctuels anim\u00e9s par un professeur dipl\u00f4m\u00e9. Responsable : Soraya Sarrail.<\/p>\n\n\n\n<p>Prochain rendez-vous : dimanche 19 octobre &#8211; Atelier de 2h\/20\u20ac par personne. <\/p>\n","protected":false},"excerpt":{"rendered":"<p>Danses orientales est une section de l&rsquo;association les Monts\u00e9r\u00e9tois, elle organise des ateliers ponctuels anim\u00e9s par un professeur dipl\u00f4m\u00e9. Responsable : Soraya Sarrail. Prochain rendez-vous : dimanche 19 octobre &#8211; Atelier de 2h\/20\u20ac par personne.<\/p>\n","protected":false},"author":1,"featured_media":0,"parent":0,"menu_order":0,"comment_status":"closed","ping_status":"closed","template":"","meta":{"_monsterinsights_skip_tracking":false,"_monsterinsights_sitenote_active":false,"_monsterinsights_sitenote_note":"","_monsterinsights_sitenote_category":0,"_kad_post_transparent":"","_kad_post_title":"","_kad_post_layout":"","_kad_post_sidebar_id":"","_kad_post_content_style":"","_kad_post_vertical_padding":"","_kad_post_feature":"","_kad_post_feature_position":"","_kad_post_header":false,"_kad_post_footer":false,"_kad_post_classname":"","iawp_total_views":3,"footnotes":""},"class_list":["post-394","page","type-page","status-publish","hentry"],"aioseo_notices":[],"_links":{"self":[{"href":"https:\/\/associations-montseret.fr\/index.php?rest_route=\/wp\/v2\/pages\/394","targetHints":{"allow":["GET"]}}],"collection":[{"href":"https:\/\/associations-montseret.fr\/index.php?rest_route=\/wp\/v2\/pages"}],"about":[{"href":"https:\/\/associations-montseret.fr\/index.php?rest_route=\/wp\/v2\/types\/page"}],"author":[{"embeddable":true,"href":"https:\/\/associations-montseret.fr\/index.php?rest_route=\/wp\/v2\/users\/1"}],"replies":[{"embeddable":true,"href":"https:\/\/associations-montseret.fr\/index.php?rest_route=%2Fwp%2Fv2%2Fcomments&post=394"}],"version-history":[{"count":1,"href":"https:\/\/associations-montseret.fr\/index.php?rest_route=\/wp\/v2\/pages\/394\/revisions"}],"predecessor-version":[{"id":395,"href":"https:\/\/associations-montseret.fr\/index.php?rest_route=\/wp\/v2\/pages\/394\/revisions\/395"}],"wp:attachment":[{"href":"https:\/\/associations-montseret.fr\/index.php?rest_route=%2Fwp%2Fv2%2Fmedia&parent=394"}],"curies":[{"name":"wp","href":"https:\/\/api.w.org\/{rel}","templated":true}]}}