{"id":391,"date":"2025-08-23T16:09:58","date_gmt":"2025-08-23T14:09:58","guid":{"rendered":"https:\/\/associations-montseret.fr\/?page_id=391"},"modified":"2025-08-23T16:09:59","modified_gmt":"2025-08-23T14:09:59","slug":"sections-sportives","status":"publish","type":"page","link":"https:\/\/associations-montseret.fr\/?page_id=391","title":{"rendered":"Sections sportives"},"content":{"rendered":"\n<p>L&rsquo;association les Monts\u00e9r\u00e9tois propose plusieurs activit\u00e9s chacune associ\u00e9e \u00e0 une section et un\/e responsable. L&rsquo;adh\u00e9sion est de 6\u20ac pour l&rsquo;association, certaines activit\u00e9s ont un suppl\u00e9ment de participation.<\/p>\n\n\n\n<figure class=\"wp-block-table\"><table class=\"has-fixed-layout\"><tbody><tr><td>&nbsp;<\/td><td>Activit\u00e9s<\/td><td>Quand&nbsp;?<\/td><td>Qu\u2019est-ce que c\u2019est&nbsp;?<\/td><td>O\u00f9&nbsp;?<\/td><td>Tarif annuel<\/td><td>Responsable<\/td><\/tr><tr><td rowspan=\"2\">Lundi<\/td><td>Marche<\/td><td>14h<\/td><td>Balades p\u00e9destres tous niveaux<\/td><td>D\u00e9part de la place du foyer<\/td><td>\/<\/td><td>Claude Bonamy &nbsp;<\/td><\/tr><tr><td>Boxe pieds poings<\/td><td>18h30 20h<\/td><td>Limit\u00e9s \u00e0 20 personnes \u00e0 partir de 11 ans<\/td><td>Foyer<\/td><td>9\u20ac<\/td><td>Pascal Barbat &nbsp;<\/td><\/tr><tr><td>Mardi<\/td><td>Gym Cardio fit<\/td><td>19h30 20h30<\/td><td>Mixte, tous niveaux \u00e0 partir de 16 ans.<\/td><td>Foyer<\/td><td>100\u20ac ou 160\u20ac avec renfo profond<\/td><td>Cynthia Martou &nbsp;<\/td><\/tr><tr><td rowspan=\"2\">Jeudi<\/td><td>Badminton<\/td><td>17h 19h<\/td><td>Adultes, sans encadrement<\/td><td>Foyer<\/td><td>\/<\/td><td>Jean Luc Mazzei &nbsp;<\/td><\/tr><tr><td>Gym Renfo profond<\/td><td>19h30 20h30<\/td><td>Mixte, tous niveaux \u00e0 partir de 16 ans.<\/td><td>Foyer<\/td><td>100\u20ac ou 160\u20ac avec cardio fit<\/td><td>Cynthia Martou &nbsp;<\/td><\/tr><tr><td>Vendredi<\/td><td>Marche Nordique<\/td><td>9h<\/td><td>Marche sportive intense<\/td><td>D\u00e9part de la place du foyer<\/td><td>\/<\/td><td>Jean Luc Mazzei &nbsp;<\/td><\/tr><\/tbody><\/table><\/figure>\n","protected":false},"excerpt":{"rendered":"<p>L&rsquo;association les Monts\u00e9r\u00e9tois propose plusieurs activit\u00e9s chacune associ\u00e9e \u00e0 une section et un\/e responsable. L&rsquo;adh\u00e9sion est de 6\u20ac pour l&rsquo;association, certaines activit\u00e9s ont un suppl\u00e9ment de participation. &nbsp; Activit\u00e9s Quand&nbsp;? Qu\u2019est-ce que c\u2019est&nbsp;? O\u00f9&nbsp;? Tarif annuel Responsable Lundi Marche 14h Balades p\u00e9destres tous niveaux D\u00e9part de la place du foyer \/ Claude Bonamy &nbsp; Boxe&#8230;<\/p>\n","protected":false},"author":1,"featured_media":0,"parent":0,"menu_order":0,"comment_status":"closed","ping_status":"closed","template":"","meta":{"_monsterinsights_skip_tracking":false,"_monsterinsights_sitenote_active":false,"_monsterinsights_sitenote_note":"","_monsterinsights_sitenote_category":0,"_kad_post_transparent":"","_kad_post_title":"","_kad_post_layout":"","_kad_post_sidebar_id":"","_kad_post_content_style":"","_kad_post_vertical_padding":"","_kad_post_feature":"","_kad_post_feature_position":"","_kad_post_header":false,"_kad_post_footer":false,"_kad_post_classname":"","iawp_total_views":13,"footnotes":""},"class_list":["post-391","page","type-page","status-publish","hentry"],"aioseo_notices":[],"_links":{"self":[{"href":"https:\/\/associations-montseret.fr\/index.php?rest_route=\/wp\/v2\/pages\/391","targetHints":{"allow":["GET"]}}],"collection":[{"href":"https:\/\/associations-montseret.fr\/index.php?rest_route=\/wp\/v2\/pages"}],"about":[{"href":"https:\/\/associations-montseret.fr\/index.php?rest_route=\/wp\/v2\/types\/page"}],"author":[{"embeddable":true,"href":"https:\/\/associations-montseret.fr\/index.php?rest_route=\/wp\/v2\/users\/1"}],"replies":[{"embeddable":true,"href":"https:\/\/associations-montseret.fr\/index.php?rest_route=%2Fwp%2Fv2%2Fcomments&post=391"}],"version-history":[{"count":1,"href":"https:\/\/associations-montseret.fr\/index.php?rest_route=\/wp\/v2\/pages\/391\/revisions"}],"predecessor-version":[{"id":392,"href":"https:\/\/associations-montseret.fr\/index.php?rest_route=\/wp\/v2\/pages\/391\/revisions\/392"}],"wp:attachment":[{"href":"https:\/\/associations-montseret.fr\/index.php?rest_route=%2Fwp%2Fv2%2Fmedia&parent=391"}],"curies":[{"name":"wp","href":"https:\/\/api.w.org\/{rel}","templated":true}]}}