{"id":388,"date":"2025-08-23T16:04:39","date_gmt":"2025-08-23T14:04:39","guid":{"rendered":"https:\/\/associations-montseret.fr\/?page_id=388"},"modified":"2025-08-23T16:04:40","modified_gmt":"2025-08-23T14:04:40","slug":"festivete","status":"publish","type":"page","link":"https:\/\/associations-montseret.fr\/?page_id=388","title":{"rendered":"Festiv&rsquo;\u00e9t\u00e9"},"content":{"rendered":"\n<p>Festiv&rsquo;\u00e9t\u00e9 est une section de l&rsquo;association les Monts\u00e9r\u00e9tois. Elle organise des \u00e9v\u00e8nements dont les f\u00eates d&rsquo;\u00e9t\u00e9 mais aussi soir\u00e9e ann\u00e9es 80-2000&#8230; Responsable : \u00c9lodie Soler<\/p>\n\n\n\n<p>Lien vers leur page facebook : <a href=\"https:\/\/www.facebook.com\/FestiveteMontseret?locale=fr_FR\" target=\"_blank\" rel=\"noopener\" title=\"\">https:\/\/www.facebook.com\/FestiveteMontseret?locale=fr_FR<\/a><\/p>\n\n\n\n<p><\/p>\n","protected":false},"excerpt":{"rendered":"<p>Festiv&rsquo;\u00e9t\u00e9 est une section de l&rsquo;association les Monts\u00e9r\u00e9tois. Elle organise des \u00e9v\u00e8nements dont les f\u00eates d&rsquo;\u00e9t\u00e9 mais aussi soir\u00e9e ann\u00e9es 80-2000&#8230; Responsable : \u00c9lodie Soler Lien vers leur page facebook : https:\/\/www.facebook.com\/FestiveteMontseret?locale=fr_FR<\/p>\n","protected":false},"author":1,"featured_media":0,"parent":0,"menu_order":0,"comment_status":"closed","ping_status":"closed","template":"","meta":{"_monsterinsights_skip_tracking":false,"_monsterinsights_sitenote_active":false,"_monsterinsights_sitenote_note":"","_monsterinsights_sitenote_category":0,"_kad_post_transparent":"","_kad_post_title":"","_kad_post_layout":"","_kad_post_sidebar_id":"","_kad_post_content_style":"","_kad_post_vertical_padding":"","_kad_post_feature":"","_kad_post_feature_position":"","_kad_post_header":false,"_kad_post_footer":false,"_kad_post_classname":"","iawp_total_views":5,"footnotes":""},"class_list":["post-388","page","type-page","status-publish","hentry"],"aioseo_notices":[],"_links":{"self":[{"href":"https:\/\/associations-montseret.fr\/index.php?rest_route=\/wp\/v2\/pages\/388","targetHints":{"allow":["GET"]}}],"collection":[{"href":"https:\/\/associations-montseret.fr\/index.php?rest_route=\/wp\/v2\/pages"}],"about":[{"href":"https:\/\/associations-montseret.fr\/index.php?rest_route=\/wp\/v2\/types\/page"}],"author":[{"embeddable":true,"href":"https:\/\/associations-montseret.fr\/index.php?rest_route=\/wp\/v2\/users\/1"}],"replies":[{"embeddable":true,"href":"https:\/\/associations-montseret.fr\/index.php?rest_route=%2Fwp%2Fv2%2Fcomments&post=388"}],"version-history":[{"count":1,"href":"https:\/\/associations-montseret.fr\/index.php?rest_route=\/wp\/v2\/pages\/388\/revisions"}],"predecessor-version":[{"id":389,"href":"https:\/\/associations-montseret.fr\/index.php?rest_route=\/wp\/v2\/pages\/388\/revisions\/389"}],"wp:attachment":[{"href":"https:\/\/associations-montseret.fr\/index.php?rest_route=%2Fwp%2Fv2%2Fmedia&parent=388"}],"curies":[{"name":"wp","href":"https:\/\/api.w.org\/{rel}","templated":true}]}}