{"id":374,"date":"2025-08-23T15:43:20","date_gmt":"2025-08-23T13:43:20","guid":{"rendered":"https:\/\/associations-montseret.fr\/?page_id=374"},"modified":"2025-08-23T16:00:54","modified_gmt":"2025-08-23T14:00:54","slug":"medium-aevum","status":"publish","type":"page","link":"https:\/\/associations-montseret.fr\/?page_id=374","title":{"rendered":"Medium Aevum"},"content":{"rendered":"\n<p>Medium aevum est une section de l&rsquo;association les Monts\u00e9r\u00e9tois. Responsable : Betty Romeu<\/p>\n\n\n\n<p>Section qui organise :<\/p>\n\n\n\n<ul class=\"wp-block-list\">\n<li>des soir\u00e9es \u00e0 th\u00e8me comme le cabaret pirate <\/li>\n\n\n\n<li>La journ\u00e9e m\u00e9di\u00e9vale.<\/li>\n<\/ul>\n\n\n\n<p><\/p>\n","protected":false},"excerpt":{"rendered":"<p>Medium aevum est une section de l&rsquo;association les Monts\u00e9r\u00e9tois. Responsable : Betty Romeu Section qui organise :<\/p>\n","protected":false},"author":1,"featured_media":0,"parent":0,"menu_order":0,"comment_status":"closed","ping_status":"closed","template":"","meta":{"_monsterinsights_skip_tracking":false,"_monsterinsights_sitenote_active":false,"_monsterinsights_sitenote_note":"","_monsterinsights_sitenote_category":0,"_kad_post_transparent":"","_kad_post_title":"","_kad_post_layout":"","_kad_post_sidebar_id":"","_kad_post_content_style":"","_kad_post_vertical_padding":"","_kad_post_feature":"","_kad_post_feature_position":"","_kad_post_header":false,"_kad_post_footer":false,"_kad_post_classname":"","iawp_total_views":4,"footnotes":""},"class_list":["post-374","page","type-page","status-publish","hentry"],"aioseo_notices":[],"_links":{"self":[{"href":"https:\/\/associations-montseret.fr\/index.php?rest_route=\/wp\/v2\/pages\/374","targetHints":{"allow":["GET"]}}],"collection":[{"href":"https:\/\/associations-montseret.fr\/index.php?rest_route=\/wp\/v2\/pages"}],"about":[{"href":"https:\/\/associations-montseret.fr\/index.php?rest_route=\/wp\/v2\/types\/page"}],"author":[{"embeddable":true,"href":"https:\/\/associations-montseret.fr\/index.php?rest_route=\/wp\/v2\/users\/1"}],"replies":[{"embeddable":true,"href":"https:\/\/associations-montseret.fr\/index.php?rest_route=%2Fwp%2Fv2%2Fcomments&post=374"}],"version-history":[{"count":2,"href":"https:\/\/associations-montseret.fr\/index.php?rest_route=\/wp\/v2\/pages\/374\/revisions"}],"predecessor-version":[{"id":387,"href":"https:\/\/associations-montseret.fr\/index.php?rest_route=\/wp\/v2\/pages\/374\/revisions\/387"}],"wp:attachment":[{"href":"https:\/\/associations-montseret.fr\/index.php?rest_route=%2Fwp%2Fv2%2Fmedia&parent=374"}],"curies":[{"name":"wp","href":"https:\/\/api.w.org\/{rel}","templated":true}]}}