{"id":363,"date":"2025-08-23T15:32:48","date_gmt":"2025-08-23T13:32:48","guid":{"rendered":"https:\/\/associations-montseret.fr\/?page_id=363"},"modified":"2025-08-23T15:59:34","modified_gmt":"2025-08-23T13:59:34","slug":"les-montseretois","status":"publish","type":"page","link":"https:\/\/associations-montseret.fr\/?page_id=363","title":{"rendered":"Les Monts\u00e9r\u00e9tois"},"content":{"rendered":"\n<p>Les Monts\u00e9r\u00e9tois est une association \u00e0 caract\u00e8re non lucratif qui a pour but de cr\u00e9er des p\u00f4les d\u2019animations et de rencontres entre les diff\u00e9rentes g\u00e9n\u00e9rations. L\u2019association <strong>Les Monts\u00e9r\u00e9tois<\/strong> soutiendra tout projet d\u2019activit\u00e9s culturelles, artistiques, sportives ou sociales reposant sur le b\u00e9n\u00e9volat. Elle se propose d\u2019organiser : soir\u00e9es, repas, concours, f\u00eates, ateliers, activit\u00e9s sportives.<\/p>\n\n\n\n<p>Elle est compos\u00e9e de plusieurs sections :<\/p>\n\n\n\n<ul class=\"wp-block-list\">\n<li>Badminton, <\/li>\n\n\n\n<li>Boxe pieds poings, <\/li>\n\n\n\n<li>Danse orientale, <\/li>\n\n\n\n<li>Gym cardio fit et gym renfo profond, <\/li>\n\n\n\n<li>Festiv&rsquo;\u00e9t\u00e9, <\/li>\n\n\n\n<li>La Pause, <\/li>\n\n\n\n<li>Marche, <\/li>\n\n\n\n<li>Marche Nordique, <\/li>\n\n\n\n<li>Medium Aevum, <\/li>\n\n\n\n<li>Patrimoine, <\/li>\n\n\n\n<li>Prestations musicales.<\/li>\n<\/ul>\n\n\n\n<p><\/p>\n","protected":false},"excerpt":{"rendered":"<p>Les Monts\u00e9r\u00e9tois est une association \u00e0 caract\u00e8re non lucratif qui a pour but de cr\u00e9er des p\u00f4les d\u2019animations et de rencontres entre les diff\u00e9rentes g\u00e9n\u00e9rations. L\u2019association Les Monts\u00e9r\u00e9tois soutiendra tout projet d\u2019activit\u00e9s culturelles, artistiques, sportives ou sociales reposant sur le b\u00e9n\u00e9volat. Elle se propose d\u2019organiser : soir\u00e9es, repas, concours, f\u00eates, ateliers, activit\u00e9s sportives. Elle est&#8230;<\/p>\n","protected":false},"author":1,"featured_media":0,"parent":0,"menu_order":0,"comment_status":"closed","ping_status":"closed","template":"","meta":{"_monsterinsights_skip_tracking":false,"_monsterinsights_sitenote_active":false,"_monsterinsights_sitenote_note":"","_monsterinsights_sitenote_category":0,"_kad_post_transparent":"","_kad_post_title":"","_kad_post_layout":"","_kad_post_sidebar_id":"","_kad_post_content_style":"","_kad_post_vertical_padding":"","_kad_post_feature":"","_kad_post_feature_position":"","_kad_post_header":false,"_kad_post_footer":false,"_kad_post_classname":"","iawp_total_views":21,"footnotes":""},"class_list":["post-363","page","type-page","status-publish","hentry"],"aioseo_notices":[],"_links":{"self":[{"href":"https:\/\/associations-montseret.fr\/index.php?rest_route=\/wp\/v2\/pages\/363","targetHints":{"allow":["GET"]}}],"collection":[{"href":"https:\/\/associations-montseret.fr\/index.php?rest_route=\/wp\/v2\/pages"}],"about":[{"href":"https:\/\/associations-montseret.fr\/index.php?rest_route=\/wp\/v2\/types\/page"}],"author":[{"embeddable":true,"href":"https:\/\/associations-montseret.fr\/index.php?rest_route=\/wp\/v2\/users\/1"}],"replies":[{"embeddable":true,"href":"https:\/\/associations-montseret.fr\/index.php?rest_route=%2Fwp%2Fv2%2Fcomments&post=363"}],"version-history":[{"count":2,"href":"https:\/\/associations-montseret.fr\/index.php?rest_route=\/wp\/v2\/pages\/363\/revisions"}],"predecessor-version":[{"id":385,"href":"https:\/\/associations-montseret.fr\/index.php?rest_route=\/wp\/v2\/pages\/363\/revisions\/385"}],"wp:attachment":[{"href":"https:\/\/associations-montseret.fr\/index.php?rest_route=%2Fwp%2Fv2%2Fmedia&parent=363"}],"curies":[{"name":"wp","href":"https:\/\/api.w.org\/{rel}","templated":true}]}}