{"id":25,"date":"2023-11-25T15:43:14","date_gmt":"2023-11-25T14:43:14","guid":{"rendered":"https:\/\/associations-montseret.fr\/?page_id=25"},"modified":"2025-08-23T15:40:41","modified_gmt":"2025-08-23T13:40:41","slug":"le-jornalet","status":"publish","type":"page","link":"https:\/\/associations-montseret.fr\/?page_id=25","title":{"rendered":"Le Jornalet"},"content":{"rendered":"\n<p>\u00c9dit\u00e9 par la section La pause de l&rsquo;association les Monts\u00e9r\u00e9tois. Responsable : R\u00e9mi Moreda<\/p>\n\n\n<ul class=\"wp-block-latest-posts__list wp-block-latest-posts\"><li><a class=\"wp-block-latest-posts__post-title\" href=\"https:\/\/associations-montseret.fr\/?p=40\">Le jornalet septembre 2024 : les activit\u00e9s et horaires des associations de Monts\u00e9ret<\/a><\/li>\n<li><a class=\"wp-block-latest-posts__post-title\" href=\"https:\/\/associations-montseret.fr\/?p=4\">Le Jornalet &#8211; les anciens num\u00e9ros<\/a><\/li>\n<\/ul>","protected":false},"excerpt":{"rendered":"<p>\u00c9dit\u00e9 par la section La pause de l&rsquo;association les Monts\u00e9r\u00e9tois. Responsable : R\u00e9mi Moreda<\/p>\n","protected":false},"author":1,"featured_media":0,"parent":0,"menu_order":0,"comment_status":"closed","ping_status":"closed","template":"","meta":{"_monsterinsights_skip_tracking":false,"_monsterinsights_sitenote_active":false,"_monsterinsights_sitenote_note":"","_monsterinsights_sitenote_category":0,"_kad_post_transparent":"","_kad_post_title":"","_kad_post_layout":"","_kad_post_sidebar_id":"","_kad_post_content_style":"","_kad_post_vertical_padding":"","_kad_post_feature":"","_kad_post_feature_position":"","_kad_post_header":false,"_kad_post_footer":false,"_kad_post_classname":"","iawp_total_views":19,"footnotes":""},"class_list":["post-25","page","type-page","status-publish","hentry"],"aioseo_notices":[],"_links":{"self":[{"href":"https:\/\/associations-montseret.fr\/index.php?rest_route=\/wp\/v2\/pages\/25","targetHints":{"allow":["GET"]}}],"collection":[{"href":"https:\/\/associations-montseret.fr\/index.php?rest_route=\/wp\/v2\/pages"}],"about":[{"href":"https:\/\/associations-montseret.fr\/index.php?rest_route=\/wp\/v2\/types\/page"}],"author":[{"embeddable":true,"href":"https:\/\/associations-montseret.fr\/index.php?rest_route=\/wp\/v2\/users\/1"}],"replies":[{"embeddable":true,"href":"https:\/\/associations-montseret.fr\/index.php?rest_route=%2Fwp%2Fv2%2Fcomments&post=25"}],"version-history":[{"count":3,"href":"https:\/\/associations-montseret.fr\/index.php?rest_route=\/wp\/v2\/pages\/25\/revisions"}],"predecessor-version":[{"id":373,"href":"https:\/\/associations-montseret.fr\/index.php?rest_route=\/wp\/v2\/pages\/25\/revisions\/373"}],"wp:attachment":[{"href":"https:\/\/associations-montseret.fr\/index.php?rest_route=%2Fwp%2Fv2%2Fmedia&parent=25"}],"curies":[{"name":"wp","href":"https:\/\/api.w.org\/{rel}","templated":true}]}}