{"id":190,"date":"2024-08-01T16:45:11","date_gmt":"2024-08-01T14:45:11","guid":{"rendered":"https:\/\/associations-montseret.fr\/?page_id=190"},"modified":"2025-08-23T16:15:02","modified_gmt":"2025-08-23T14:15:02","slug":"documents","status":"publish","type":"page","link":"https:\/\/associations-montseret.fr\/?page_id=190","title":{"rendered":"Documents"},"content":{"rendered":"\n<p>Extrait des statuts de l&rsquo;association les Monts\u00e9r\u00e9tois :<\/p>\n\n\n\n<p><strong>Date de cr\u00e9ation :<\/strong><\/p>\n\n\n\n<p>Le 21 novembre 1998 est cr\u00e9\u00e9 \u00e0 Monts\u00e9ret une association r\u00e9gie par la loi du 1er juillet 1901 et le d\u00e9cret du 16 ao\u00fbt 1901 qui prend le nom de : <strong>Les Monts\u00e9r\u00e9tois<\/strong>. Le si\u00e8ge social est fix\u00e9 \u00e0 la mairie de Monts\u00e9ret.<\/p>\n\n\n\n<p><strong>But de l&rsquo;association :<\/strong><\/p>\n\n\n\n<p>Cette association \u00e0 caract\u00e8re non lucratif a pour but de cr\u00e9er des p\u00f4les d&rsquo;animations et de rencontres entre les diff\u00e9rentes g\u00e9n\u00e9rations. L&rsquo;association <strong>Les Monts\u00e9r\u00e9tois<\/strong> soutiendra tout projet d&rsquo;activit\u00e9s culturelles, artistiques, sportives ou sociales reposant sur le b\u00e9n\u00e9volat. Elle se propose d\u2019organiser : soir\u00e9es, repas, concours, f\u00eates, ateliers, activit\u00e9s sportives.<\/p>\n\n\n\n<p><strong>Les sections et les membres :<\/strong><\/p>\n\n\n\n<p>L&rsquo;association se divise en groupes d&rsquo;activit\u00e9s (sections). Chaque groupe est totalement autonome et dispose du budget qui lui est allou\u00e9. Tout membre doit avoir cotis\u00e9 pour l&rsquo;ann\u00e9e en cours selon la cotisation fix\u00e9e par le responsable du groupe. <\/p>\n\n\n\n<p>La qualit\u00e9 de membre de l&rsquo;association se perd par d\u00e9mission, par radiation pour non-paiement de la cotisation, ou pour faute grave prononc\u00e9e par le conseil d&rsquo;administration.<\/p>\n\n\n\n<p><\/p>\n\n\n\n<p><\/p>\n","protected":false},"excerpt":{"rendered":"<p>Extrait des statuts de l&rsquo;association les Monts\u00e9r\u00e9tois : Date de cr\u00e9ation : Le 21 novembre 1998 est cr\u00e9\u00e9 \u00e0 Monts\u00e9ret une association r\u00e9gie par la loi du 1er juillet 1901 et le d\u00e9cret du 16 ao\u00fbt 1901 qui prend le nom de : Les Monts\u00e9r\u00e9tois. Le si\u00e8ge social est fix\u00e9 \u00e0 la mairie de Monts\u00e9ret&#8230;.<\/p>\n","protected":false},"author":1,"featured_media":0,"parent":0,"menu_order":0,"comment_status":"closed","ping_status":"closed","template":"","meta":{"_monsterinsights_skip_tracking":false,"_monsterinsights_sitenote_active":false,"_monsterinsights_sitenote_note":"","_monsterinsights_sitenote_category":0,"_kad_post_transparent":"","_kad_post_title":"","_kad_post_layout":"","_kad_post_sidebar_id":"","_kad_post_content_style":"","_kad_post_vertical_padding":"","_kad_post_feature":"","_kad_post_feature_position":"","_kad_post_header":false,"_kad_post_footer":false,"_kad_post_classname":"","iawp_total_views":37,"footnotes":""},"class_list":["post-190","page","type-page","status-publish","hentry"],"aioseo_notices":[],"_links":{"self":[{"href":"https:\/\/associations-montseret.fr\/index.php?rest_route=\/wp\/v2\/pages\/190","targetHints":{"allow":["GET"]}}],"collection":[{"href":"https:\/\/associations-montseret.fr\/index.php?rest_route=\/wp\/v2\/pages"}],"about":[{"href":"https:\/\/associations-montseret.fr\/index.php?rest_route=\/wp\/v2\/types\/page"}],"author":[{"embeddable":true,"href":"https:\/\/associations-montseret.fr\/index.php?rest_route=\/wp\/v2\/users\/1"}],"replies":[{"embeddable":true,"href":"https:\/\/associations-montseret.fr\/index.php?rest_route=%2Fwp%2Fv2%2Fcomments&post=190"}],"version-history":[{"count":4,"href":"https:\/\/associations-montseret.fr\/index.php?rest_route=\/wp\/v2\/pages\/190\/revisions"}],"predecessor-version":[{"id":397,"href":"https:\/\/associations-montseret.fr\/index.php?rest_route=\/wp\/v2\/pages\/190\/revisions\/397"}],"wp:attachment":[{"href":"https:\/\/associations-montseret.fr\/index.php?rest_route=%2Fwp%2Fv2%2Fmedia&parent=190"}],"curies":[{"name":"wp","href":"https:\/\/api.w.org\/{rel}","templated":true}]}}